{"id":29773,"date":"2025-10-11T00:42:48","date_gmt":"2025-10-10T21:42:48","guid":{"rendered":"https:\/\/gemilik.com\/shop\/?post_type=product&#038;p=29773"},"modified":"2026-02-02T16:15:15","modified_gmt":"2026-02-02T13:15:15","slug":"freeze-bogurtlen-oreo-cikolata-1-kg","status":"publish","type":"product","link":"https:\/\/gemilik.com\/shop\/urun\/freeze-bogurtlen-oreo-cikolata-1-kg\/","title":{"rendered":"Freeze B\u00f6\u011f\u00fcrtlen Oreo \u00c7ikolata 1 kg"},"content":{"rendered":"<p data-start=\"521\" data-end=\"1048\">Gemilik Freeze B\u00f6\u011f\u00fcrtlenli Oreo \u00c7ikolata, meyve ferahl\u0131\u011f\u0131 ile bisk\u00fcvi dokusunu bir araya getiriyor. Ger\u00e7ek dondurulmu\u015f b\u00f6\u011f\u00fcrtlen taneleri, k\u0131t\u0131r Oreo par\u00e7ac\u0131kl\u0131 beyaz \u00e7ikolata ile kaplanarak her lokmada dengeli bir tat deneyimi sunar. Hem \u00e7ikolata hem meyve severler i\u00e7in \u00f6zel olarak haz\u0131rlanm\u0131\u015ft\u0131r. Katk\u0131 ve koruyucu i\u00e7ermez; el yap\u0131m\u0131 \u00fcretimle haz\u0131rlan\u0131r. Kahve e\u015flik\u00e7isi, tatl\u0131 sofralar\u0131n\u0131n vazge\u00e7ilmezi veya hediye kutular\u0131nda zarif bir alternatif olarak \u00f6ne \u00e7\u0131kar.<\/p>\n","protected":false},"excerpt":{"rendered":"<p data-start=\"326\" data-end=\"465\">Ger\u00e7ek dondurulmu\u015f b\u00f6\u011f\u00fcrtlen, k\u0131t\u0131r Oreo par\u00e7ac\u0131kl\u0131 beyaz \u00e7ikolatayla bulu\u015ftu. Freeze B\u00f6\u011f\u00fcrtlenli Oreo \u00c7ikolata \u2013 ferah, yo\u011fun ve zarif.<\/p>\n","protected":false},"featured_media":29722,"comment_status":"open","ping_status":"closed","template":"","meta":{"inline_featured_image":false},"product_brand":[],"product_cat":[101],"product_tag":[],"class_list":{"0":"post-29773","1":"product","2":"type-product","3":"status-publish","4":"has-post-thumbnail","6":"product_cat-cikolata","8":"first","9":"outofstock","10":"shipping-taxable","11":"purchasable","12":"product-type-simple"},"_links":{"self":[{"href":"https:\/\/gemilik.com\/shop\/wp-json\/wp\/v2\/product\/29773","targetHints":{"allow":["GET"]}}],"collection":[{"href":"https:\/\/gemilik.com\/shop\/wp-json\/wp\/v2\/product"}],"about":[{"href":"https:\/\/gemilik.com\/shop\/wp-json\/wp\/v2\/types\/product"}],"replies":[{"embeddable":true,"href":"https:\/\/gemilik.com\/shop\/wp-json\/wp\/v2\/comments?post=29773"}],"version-history":[{"count":1,"href":"https:\/\/gemilik.com\/shop\/wp-json\/wp\/v2\/product\/29773\/revisions"}],"predecessor-version":[{"id":30353,"href":"https:\/\/gemilik.com\/shop\/wp-json\/wp\/v2\/product\/29773\/revisions\/30353"}],"wp:featuredmedia":[{"embeddable":true,"href":"https:\/\/gemilik.com\/shop\/wp-json\/wp\/v2\/media\/29722"}],"wp:attachment":[{"href":"https:\/\/gemilik.com\/shop\/wp-json\/wp\/v2\/media?parent=29773"}],"wp:term":[{"taxonomy":"product_brand","embeddable":true,"href":"https:\/\/gemilik.com\/shop\/wp-json\/wp\/v2\/product_brand?post=29773"},{"taxonomy":"product_cat","embeddable":true,"href":"https:\/\/gemilik.com\/shop\/wp-json\/wp\/v2\/product_cat?post=29773"},{"taxonomy":"product_tag","embeddable":true,"href":"https:\/\/gemilik.com\/shop\/wp-json\/wp\/v2\/product_tag?post=29773"}],"curies":[{"name":"wp","href":"https:\/\/api.w.org\/{rel}","templated":true}]}}