{"id":29664,"date":"2025-10-10T23:37:32","date_gmt":"2025-10-10T20:37:32","guid":{"rendered":"https:\/\/gemilik.com\/shop\/?post_type=product&#038;p=29664"},"modified":"2026-02-19T00:49:04","modified_gmt":"2026-02-18T21:49:04","slug":"zeytinli-kahve-150-gr","status":"publish","type":"product","link":"https:\/\/gemilik.com\/shop\/urun\/zeytinli-kahve-150-gr\/","title":{"rendered":"Zeytinli Kahve 150 gr"},"content":{"rendered":"<p data-start=\"534\" data-end=\"1096\">Gemilik Zeytinli Kahve 150 gr \u2013 Do\u011fal Gemlik zeytinlerinden elde edilen \u00f6zlerin \u00f6zel kahve kar\u0131\u015f\u0131m\u0131yla bulu\u015ftu\u011fu e\u015fsiz bir lezzet deneyimi. Zeytinin sa\u011fl\u0131kl\u0131 yap\u0131s\u0131, kahvenin aromatik dokusuyla birle\u015ferek hem enerji verici hem de kafeinsiz bir alternatif sunar. Tamamen do\u011fal i\u00e7eriklerle \u00fcretilmi\u015ftir, katk\u0131 maddesi ve koruyucu i\u00e7ermez. Geleneksel y\u00f6ntemlerle kavrulan ve \u00f6\u011f\u00fct\u00fclen kar\u0131\u015f\u0131m, zeytin aromas\u0131n\u0131n yumu\u015fak tad\u0131n\u0131 ta\u015f\u0131r. G\u00fcn\u00fcn her an\u0131nda, \u00f6zellikle sa\u011fl\u0131kl\u0131 ya\u015fam\u0131 tercih edenler i\u00e7in ideal bir i\u00e7ecektir. Gemilik kalitesiyle do\u011fadan fincan\u0131n\u0131za uzanan benzersiz bir tat.<\/p>\n","protected":false},"excerpt":{"rendered":"<p data-start=\"202\" data-end=\"353\">Gemilik Zeytinli Kahve \u2013 Zeytinin do\u011fall\u0131\u011f\u0131yla harmanlanm\u0131\u015f \u00f6zel kahve kar\u0131\u015f\u0131m\u0131. Benzersiz aromas\u0131yla sa\u011fl\u0131kl\u0131, kafeinsiz i\u00e7ecek alternatifi. 150 gr.<\/p>\n","protected":false},"featured_media":29637,"comment_status":"open","ping_status":"closed","template":"","meta":{"inline_featured_image":false},"product_brand":[],"product_cat":[75],"product_tag":[],"class_list":{"0":"post-29664","1":"product","2":"type-product","3":"status-publish","4":"has-post-thumbnail","6":"product_cat-diger","8":"first","9":"instock","10":"shipping-taxable","11":"purchasable","12":"product-type-simple"},"_links":{"self":[{"href":"https:\/\/gemilik.com\/shop\/wp-json\/wp\/v2\/product\/29664","targetHints":{"allow":["GET"]}}],"collection":[{"href":"https:\/\/gemilik.com\/shop\/wp-json\/wp\/v2\/product"}],"about":[{"href":"https:\/\/gemilik.com\/shop\/wp-json\/wp\/v2\/types\/product"}],"replies":[{"embeddable":true,"href":"https:\/\/gemilik.com\/shop\/wp-json\/wp\/v2\/comments?post=29664"}],"version-history":[{"count":1,"href":"https:\/\/gemilik.com\/shop\/wp-json\/wp\/v2\/product\/29664\/revisions"}],"predecessor-version":[{"id":30449,"href":"https:\/\/gemilik.com\/shop\/wp-json\/wp\/v2\/product\/29664\/revisions\/30449"}],"wp:featuredmedia":[{"embeddable":true,"href":"https:\/\/gemilik.com\/shop\/wp-json\/wp\/v2\/media\/29637"}],"wp:attachment":[{"href":"https:\/\/gemilik.com\/shop\/wp-json\/wp\/v2\/media?parent=29664"}],"wp:term":[{"taxonomy":"product_brand","embeddable":true,"href":"https:\/\/gemilik.com\/shop\/wp-json\/wp\/v2\/product_brand?post=29664"},{"taxonomy":"product_cat","embeddable":true,"href":"https:\/\/gemilik.com\/shop\/wp-json\/wp\/v2\/product_cat?post=29664"},{"taxonomy":"product_tag","embeddable":true,"href":"https:\/\/gemilik.com\/shop\/wp-json\/wp\/v2\/product_tag?post=29664"}],"curies":[{"name":"wp","href":"https:\/\/api.w.org\/{rel}","templated":true}]}}