{"id":29619,"date":"2025-10-10T23:15:20","date_gmt":"2025-10-10T20:15:20","guid":{"rendered":"https:\/\/gemilik.com\/shop\/?post_type=product&#038;p=29619"},"modified":"2025-10-10T23:16:16","modified_gmt":"2025-10-10T20:16:16","slug":"safranli-turk-cayi-150-gr","status":"publish","type":"product","link":"https:\/\/gemilik.com\/shop\/urun\/safranli-turk-cayi-150-gr\/","title":{"rendered":"Safranl\u0131 T\u00fcrk \u00c7ay\u0131 150 gr"},"content":{"rendered":"<p data-start=\"512\" data-end=\"1048\">Gemilik Safranl\u0131 T\u00fcrk \u00c7ay\u0131 150 gr \u2013 Anadolu\u2019nun kadim \u00e7ay k\u00fclt\u00fcr\u00fc, d\u00fcnyan\u0131n en de\u011ferli baharat\u0131 safranla bulu\u015ftu. Do\u011fal safran telleriyle harmanlanan se\u00e7kin siyah \u00e7ay yapraklar\u0131, alt\u0131n tonlar\u0131nda zengin bir renk ve e\u015fsiz bir aroma sunar. Her yudumda ipeksi dokusu ve \u00e7i\u00e7eksi kokusuyla huzur verir. Katk\u0131 maddesi i\u00e7ermez, tamamen do\u011fal i\u00e7eriklerle haz\u0131rlanm\u0131\u015ft\u0131r. Sofralar\u0131n\u0131za Osmanl\u0131\u2019dan gelen zarafet ve keyif katar. \u015e\u0131k metal kutusunda tazeli\u011fini uzun s\u00fcre korur. Gemilik kalitesiyle \u201cEn Keyifli Anlar\u0131n\u0131zda\u201d \u00f6zel bir \u00e7ay deneyimi.<\/p>\n","protected":false},"excerpt":{"rendered":"<p data-start=\"244\" data-end=\"398\">Gemilik Safranl\u0131 T\u00fcrk \u00c7ay\u0131 \u2013 Ger\u00e7ek safranla harmanlanm\u0131\u015f, zarif aromal\u0131 ve alt\u0131n renkli \u00f6zel siyah \u00e7ay kar\u0131\u015f\u0131m\u0131. Premium metal kutuda 150 gr.<\/p>\n","protected":false},"featured_media":29607,"comment_status":"open","ping_status":"closed","template":"","meta":{"inline_featured_image":false},"product_brand":[],"product_cat":[75],"product_tag":[],"class_list":{"0":"post-29619","1":"product","2":"type-product","3":"status-publish","4":"has-post-thumbnail","6":"product_cat-diger","8":"first","9":"instock","10":"shipping-taxable","11":"purchasable","12":"product-type-simple"},"_links":{"self":[{"href":"https:\/\/gemilik.com\/shop\/wp-json\/wp\/v2\/product\/29619","targetHints":{"allow":["GET"]}}],"collection":[{"href":"https:\/\/gemilik.com\/shop\/wp-json\/wp\/v2\/product"}],"about":[{"href":"https:\/\/gemilik.com\/shop\/wp-json\/wp\/v2\/types\/product"}],"replies":[{"embeddable":true,"href":"https:\/\/gemilik.com\/shop\/wp-json\/wp\/v2\/comments?post=29619"}],"version-history":[{"count":0,"href":"https:\/\/gemilik.com\/shop\/wp-json\/wp\/v2\/product\/29619\/revisions"}],"wp:featuredmedia":[{"embeddable":true,"href":"https:\/\/gemilik.com\/shop\/wp-json\/wp\/v2\/media\/29607"}],"wp:attachment":[{"href":"https:\/\/gemilik.com\/shop\/wp-json\/wp\/v2\/media?parent=29619"}],"wp:term":[{"taxonomy":"product_brand","embeddable":true,"href":"https:\/\/gemilik.com\/shop\/wp-json\/wp\/v2\/product_brand?post=29619"},{"taxonomy":"product_cat","embeddable":true,"href":"https:\/\/gemilik.com\/shop\/wp-json\/wp\/v2\/product_cat?post=29619"},{"taxonomy":"product_tag","embeddable":true,"href":"https:\/\/gemilik.com\/shop\/wp-json\/wp\/v2\/product_tag?post=29619"}],"curies":[{"name":"wp","href":"https:\/\/api.w.org\/{rel}","templated":true}]}}