{"id":29579,"date":"2025-10-10T22:56:01","date_gmt":"2025-10-10T19:56:01","guid":{"rendered":"https:\/\/gemilik.com\/shop\/?post_type=product&#038;p=29579"},"modified":"2025-10-10T22:57:17","modified_gmt":"2025-10-10T19:57:17","slug":"fume-zeytinyagi-250-ml","status":"publish","type":"product","link":"https:\/\/gemilik.com\/shop\/urun\/fume-zeytinyagi-250-ml\/","title":{"rendered":"F\u00fcme Zeytinya\u011f\u0131 250 ml"},"content":{"rendered":"<p data-start=\"432\" data-end=\"992\">Gemilik F\u00fcme Zeytinya\u011f\u0131 250 ml \u2013 So\u011fuk s\u0131k\u0131m naturel zeytinya\u011f\u0131na do\u011fal odun duman\u0131 aromas\u0131 eklenerek \u00fcretilmi\u015ftir. Zeytinya\u011f\u0131n\u0131n meyvemsi lezzeti, f\u00fcme aromas\u0131yla birle\u015ferek et, bal\u0131k, pizza, salata ve peynir tabaklar\u0131na gurme bir tat kazand\u0131r\u0131r. Katk\u0131 maddesi, renklendirici veya yapay aroma i\u00e7ermez. Duman aromas\u0131, yeme\u011fe \u00f6zel bir derinlik ve ho\u015f bir koku verir. Sofralar\u0131n\u0131za profesyonel mutfaklardan gelen o \u00f6zel \u201cf\u00fcme dokunu\u015fu\u201dnu ta\u015f\u0131r. Gemilik kalitesiyle \u00fcretilen bu \u00f6zel zeytinya\u011f\u0131, \u00f6zellikle \u0131zgara sevenler ve lezzetinde fark yaratmak isteyenler i\u00e7in m\u00fckemmel bir tercihtir.<\/p>\n","protected":false},"excerpt":{"rendered":"<p data-start=\"202\" data-end=\"353\">Gemilik F\u00fcme Zeytinya\u011f\u0131 \u2013 Do\u011fal duman aromas\u0131yla harmanlanm\u0131\u015f 250 ml \u00f6zel \u00fcretim zeytinya\u011f\u0131. Et, pizza ve \u0131zgaralara e\u015fsiz f\u00fcme lezzeti katar.<\/p>\n","protected":false},"featured_media":29563,"comment_status":"open","ping_status":"closed","template":"","meta":{"inline_featured_image":false},"product_brand":[],"product_cat":[98],"product_tag":[],"class_list":{"0":"post-29579","1":"product","2":"type-product","3":"status-publish","4":"has-post-thumbnail","6":"product_cat-zeytinyagi","8":"first","9":"instock","10":"shipping-taxable","11":"purchasable","12":"product-type-simple"},"_links":{"self":[{"href":"https:\/\/gemilik.com\/shop\/wp-json\/wp\/v2\/product\/29579","targetHints":{"allow":["GET"]}}],"collection":[{"href":"https:\/\/gemilik.com\/shop\/wp-json\/wp\/v2\/product"}],"about":[{"href":"https:\/\/gemilik.com\/shop\/wp-json\/wp\/v2\/types\/product"}],"replies":[{"embeddable":true,"href":"https:\/\/gemilik.com\/shop\/wp-json\/wp\/v2\/comments?post=29579"}],"version-history":[{"count":0,"href":"https:\/\/gemilik.com\/shop\/wp-json\/wp\/v2\/product\/29579\/revisions"}],"wp:featuredmedia":[{"embeddable":true,"href":"https:\/\/gemilik.com\/shop\/wp-json\/wp\/v2\/media\/29563"}],"wp:attachment":[{"href":"https:\/\/gemilik.com\/shop\/wp-json\/wp\/v2\/media?parent=29579"}],"wp:term":[{"taxonomy":"product_brand","embeddable":true,"href":"https:\/\/gemilik.com\/shop\/wp-json\/wp\/v2\/product_brand?post=29579"},{"taxonomy":"product_cat","embeddable":true,"href":"https:\/\/gemilik.com\/shop\/wp-json\/wp\/v2\/product_cat?post=29579"},{"taxonomy":"product_tag","embeddable":true,"href":"https:\/\/gemilik.com\/shop\/wp-json\/wp\/v2\/product_tag?post=29579"}],"curies":[{"name":"wp","href":"https:\/\/api.w.org\/{rel}","templated":true}]}}