{"id":29568,"date":"2025-10-10T22:48:05","date_gmt":"2025-10-10T19:48:05","guid":{"rendered":"https:\/\/gemilik.com\/shop\/?post_type=product&#038;p=29568"},"modified":"2025-10-10T22:49:37","modified_gmt":"2025-10-10T19:49:37","slug":"cesnili-zeytinyagi-250-ml","status":"publish","type":"product","link":"https:\/\/gemilik.com\/shop\/urun\/cesnili-zeytinyagi-250-ml\/","title":{"rendered":"\u00c7e\u015fnili Zeytinya\u011f\u0131 250 ml"},"content":{"rendered":"<p data-start=\"432\" data-end=\"992\">Gemilik \u00c7e\u015fnili Zeytinya\u011f\u0131 250 ml \u2013 Saf zeytinya\u011f\u0131na biberiye, k\u0131rm\u0131z\u0131 biber ve do\u011fal baharatlar\u0131n eklenmesiyle haz\u0131rlanm\u0131\u015f, enfes aromal\u0131 gurme bir lezzettir. \u00d6zenle se\u00e7ilen Gemlik zeytinlerinden so\u011fuk s\u0131k\u0131m y\u00f6ntemiyle elde edilir ve katk\u0131 maddesi i\u00e7ermez. Et, bal\u0131k, salata, makarna ve pizzalarda hem lezzet hem de \u015f\u0131kl\u0131k katar. \u015eeffaf cam \u015fi\u015fesiyle mutfakta dekoratif bir duru\u015f sunarken, do\u011fal aromas\u0131 sayesinde sofralara Akdeniz esintisi ta\u015f\u0131r. Zengin i\u00e7eri\u011fiyle fark yaratan bu \u00f6zel \u00e7e\u015fit, Gemilik kalitesiyle her damlada tazeli\u011fi hissettirir.<\/p>\n","protected":false},"excerpt":{"rendered":"<p data-start=\"202\" data-end=\"353\">Gemilik \u00c7e\u015fnili Zeytinya\u011f\u0131 \u2013 Zeytin, biberiye ve baharat kar\u0131\u015f\u0131m\u0131yla lezzetlendirilmi\u015f 250 ml gurme zeytinya\u011f\u0131. Salatalar, et ve pizzalar i\u00e7in ideal.<\/p>\n","protected":false},"featured_media":29562,"comment_status":"open","ping_status":"closed","template":"","meta":{"inline_featured_image":false},"product_brand":[],"product_cat":[98],"product_tag":[],"class_list":{"0":"post-29568","1":"product","2":"type-product","3":"status-publish","4":"has-post-thumbnail","6":"product_cat-zeytinyagi","8":"first","9":"instock","10":"shipping-taxable","11":"purchasable","12":"product-type-simple"},"_links":{"self":[{"href":"https:\/\/gemilik.com\/shop\/wp-json\/wp\/v2\/product\/29568","targetHints":{"allow":["GET"]}}],"collection":[{"href":"https:\/\/gemilik.com\/shop\/wp-json\/wp\/v2\/product"}],"about":[{"href":"https:\/\/gemilik.com\/shop\/wp-json\/wp\/v2\/types\/product"}],"replies":[{"embeddable":true,"href":"https:\/\/gemilik.com\/shop\/wp-json\/wp\/v2\/comments?post=29568"}],"version-history":[{"count":0,"href":"https:\/\/gemilik.com\/shop\/wp-json\/wp\/v2\/product\/29568\/revisions"}],"wp:featuredmedia":[{"embeddable":true,"href":"https:\/\/gemilik.com\/shop\/wp-json\/wp\/v2\/media\/29562"}],"wp:attachment":[{"href":"https:\/\/gemilik.com\/shop\/wp-json\/wp\/v2\/media?parent=29568"}],"wp:term":[{"taxonomy":"product_brand","embeddable":true,"href":"https:\/\/gemilik.com\/shop\/wp-json\/wp\/v2\/product_brand?post=29568"},{"taxonomy":"product_cat","embeddable":true,"href":"https:\/\/gemilik.com\/shop\/wp-json\/wp\/v2\/product_cat?post=29568"},{"taxonomy":"product_tag","embeddable":true,"href":"https:\/\/gemilik.com\/shop\/wp-json\/wp\/v2\/product_tag?post=29568"}],"curies":[{"name":"wp","href":"https:\/\/api.w.org\/{rel}","templated":true}]}}