{"id":29548,"date":"2025-10-10T17:51:21","date_gmt":"2025-10-10T14:51:21","guid":{"rendered":"https:\/\/gemilik.com\/shop\/?post_type=product&#038;p=29548"},"modified":"2025-10-10T17:52:39","modified_gmt":"2025-10-10T14:52:39","slug":"kuru-portakal-50-gr","status":"publish","type":"product","link":"https:\/\/gemilik.com\/shop\/urun\/kuru-portakal-50-gr\/","title":{"rendered":"Kuru Portakal 50 gr"},"content":{"rendered":"<p>Gemilik Kuru Portakal 50 g \u2013 Taze ve aromatik portakallar\u0131n do\u011fal y\u00f6ntemlerle, d\u00fc\u015f\u00fck \u0131s\u0131da kurutulmas\u0131yla haz\u0131rlan\u0131r. Katk\u0131, koruyucu ve \u015feker ilavesi i\u00e7ermez. \u0130nce dilim formundaki kuru portakallar; bitki \u00e7aylar\u0131nda, s\u0131cak i\u00e7eceklerde veya kokteyllerde ferah aroma verir. Tatl\u0131 ve pastalarda s\u00fcsleme olarak da kullan\u0131l\u0131r. Do\u011fal C vitamini kayna\u011f\u0131 olan bu \u00fcr\u00fcn, ayn\u0131 zamanda sa\u011fl\u0131kl\u0131 bir at\u0131\u015ft\u0131rmal\u0131k alternatifi sunar. Her diliminde turun\u00e7gillerin tazeli\u011fini hissettiren Gemilik Kuru Portakal, renkli ambalaj\u0131 ve do\u011fal i\u00e7eri\u011fiyle hem sofralarda hem mutfaklarda yerini al\u0131r.<\/p>\n","protected":false},"excerpt":{"rendered":"<p data-start=\"228\" data-end=\"372\">Gemilik Kuru Portakal \u2013 Katk\u0131s\u0131z, do\u011fal kurutulmu\u015f meyve. \u00c7aylara, tatl\u0131lara veya at\u0131\u015ft\u0131rmal\u0131k olarak ferah, aromatik turun\u00e7 lezzeti.<\/p>\n","protected":false},"featured_media":29546,"comment_status":"open","ping_status":"closed","template":"","meta":{"inline_featured_image":false},"product_brand":[],"product_cat":[75],"product_tag":[],"class_list":{"0":"post-29548","1":"product","2":"type-product","3":"status-publish","4":"has-post-thumbnail","6":"product_cat-diger","8":"first","9":"instock","10":"shipping-taxable","11":"purchasable","12":"product-type-simple"},"_links":{"self":[{"href":"https:\/\/gemilik.com\/shop\/wp-json\/wp\/v2\/product\/29548","targetHints":{"allow":["GET"]}}],"collection":[{"href":"https:\/\/gemilik.com\/shop\/wp-json\/wp\/v2\/product"}],"about":[{"href":"https:\/\/gemilik.com\/shop\/wp-json\/wp\/v2\/types\/product"}],"replies":[{"embeddable":true,"href":"https:\/\/gemilik.com\/shop\/wp-json\/wp\/v2\/comments?post=29548"}],"version-history":[{"count":0,"href":"https:\/\/gemilik.com\/shop\/wp-json\/wp\/v2\/product\/29548\/revisions"}],"wp:featuredmedia":[{"embeddable":true,"href":"https:\/\/gemilik.com\/shop\/wp-json\/wp\/v2\/media\/29546"}],"wp:attachment":[{"href":"https:\/\/gemilik.com\/shop\/wp-json\/wp\/v2\/media?parent=29548"}],"wp:term":[{"taxonomy":"product_brand","embeddable":true,"href":"https:\/\/gemilik.com\/shop\/wp-json\/wp\/v2\/product_brand?post=29548"},{"taxonomy":"product_cat","embeddable":true,"href":"https:\/\/gemilik.com\/shop\/wp-json\/wp\/v2\/product_cat?post=29548"},{"taxonomy":"product_tag","embeddable":true,"href":"https:\/\/gemilik.com\/shop\/wp-json\/wp\/v2\/product_tag?post=29548"}],"curies":[{"name":"wp","href":"https:\/\/api.w.org\/{rel}","templated":true}]}}