{"id":29544,"date":"2025-10-10T17:48:57","date_gmt":"2025-10-10T14:48:57","guid":{"rendered":"https:\/\/gemilik.com\/shop\/?post_type=product&#038;p=29544"},"modified":"2025-10-10T17:51:00","modified_gmt":"2025-10-10T14:51:00","slug":"kuru-muz-150-gr","status":"publish","type":"product","link":"https:\/\/gemilik.com\/shop\/urun\/kuru-muz-150-gr\/","title":{"rendered":"Kuru Muz 150 gr"},"content":{"rendered":"<p data-start=\"399\" data-end=\"969\">Gemilik Kuru Muz 150 g \u2013 Tam olgun muzlar\u0131n do\u011fal y\u00f6ntemlerle, d\u00fc\u015f\u00fck \u0131s\u0131da kurutulmas\u0131yla elde edilir. Katk\u0131, renklendirici ve ilave \u015feker i\u00e7ermez. Do\u011fal enerjisi ve lif oran\u0131 y\u00fcksek yap\u0131s\u0131yla g\u00fcn\u00fcn her an\u0131nda sa\u011fl\u0131kl\u0131 bir at\u0131\u015ft\u0131rmal\u0131k olarak tercih edilir. Spor \u00f6ncesi enerji deste\u011fi, \u00e7ay-kahve yan\u0131na lezzetli bir alternatif veya \u00e7ocuklar i\u00e7in do\u011fal bir ara \u00f6\u011f\u00fcn. \u0130nce dilimleriyle k\u0131t\u0131r dokuda, yo\u011fun muz aromal\u0131 bu \u00f6zel kurutma \u00fcr\u00fcn\u00fc, Gemilik kalitesiyle tazeli\u011fini uzun s\u00fcre korur. Sa\u011fl\u0131kl\u0131 ya\u015fam tarz\u0131na uygun, do\u011fan\u0131n en sade ve saf haliyle sofralar\u0131n\u0131za gelir.<\/p>\n","protected":false},"excerpt":{"rendered":"<p data-start=\"228\" data-end=\"372\">Gemilik Kuru Muz \u2013 Do\u011fal, katk\u0131s\u0131z ve \u015feker ilavesiz. Enerji dolu at\u0131\u015ft\u0131rmal\u0131k, spor \u00f6ncesi ya da kahve yan\u0131nda m\u00fckemmel lezzet.<\/p>\n","protected":false},"featured_media":29545,"comment_status":"open","ping_status":"closed","template":"","meta":{"inline_featured_image":false},"product_brand":[],"product_cat":[75],"product_tag":[],"class_list":{"0":"post-29544","1":"product","2":"type-product","3":"status-publish","4":"has-post-thumbnail","6":"product_cat-diger","8":"first","9":"instock","10":"shipping-taxable","11":"purchasable","12":"product-type-simple"},"_links":{"self":[{"href":"https:\/\/gemilik.com\/shop\/wp-json\/wp\/v2\/product\/29544","targetHints":{"allow":["GET"]}}],"collection":[{"href":"https:\/\/gemilik.com\/shop\/wp-json\/wp\/v2\/product"}],"about":[{"href":"https:\/\/gemilik.com\/shop\/wp-json\/wp\/v2\/types\/product"}],"replies":[{"embeddable":true,"href":"https:\/\/gemilik.com\/shop\/wp-json\/wp\/v2\/comments?post=29544"}],"version-history":[{"count":0,"href":"https:\/\/gemilik.com\/shop\/wp-json\/wp\/v2\/product\/29544\/revisions"}],"wp:featuredmedia":[{"embeddable":true,"href":"https:\/\/gemilik.com\/shop\/wp-json\/wp\/v2\/media\/29545"}],"wp:attachment":[{"href":"https:\/\/gemilik.com\/shop\/wp-json\/wp\/v2\/media?parent=29544"}],"wp:term":[{"taxonomy":"product_brand","embeddable":true,"href":"https:\/\/gemilik.com\/shop\/wp-json\/wp\/v2\/product_brand?post=29544"},{"taxonomy":"product_cat","embeddable":true,"href":"https:\/\/gemilik.com\/shop\/wp-json\/wp\/v2\/product_cat?post=29544"},{"taxonomy":"product_tag","embeddable":true,"href":"https:\/\/gemilik.com\/shop\/wp-json\/wp\/v2\/product_tag?post=29544"}],"curies":[{"name":"wp","href":"https:\/\/api.w.org\/{rel}","templated":true}]}}