{"id":29509,"date":"2025-10-10T14:48:14","date_gmt":"2025-10-10T11:48:14","guid":{"rendered":"https:\/\/gemilik.com\/shop\/?post_type=product&#038;p=29509"},"modified":"2025-10-10T14:49:23","modified_gmt":"2025-10-10T11:49:23","slug":"kavrulmus-findik-300-gr","status":"publish","type":"product","link":"https:\/\/gemilik.com\/shop\/urun\/kavrulmus-findik-300-gr\/","title":{"rendered":"Kavrulmu\u015f F\u0131nd\u0131k 300 gr"},"content":{"rendered":"<p>Gemilik Kavrulmu\u015f F\u0131nd\u0131k 300 g \u2013 Karadeniz\u2019in verimli topraklar\u0131nda yeti\u015fen se\u00e7kin f\u0131nd\u0131klar, \u00f6zel kavurma tekni\u011fiyle \u00e7\u0131t\u0131r dokusunu ve taze aromas\u0131n\u0131 korur. Katk\u0131s\u0131z, tamamen do\u011fal i\u00e7eri\u011fiyle sa\u011fl\u0131kl\u0131 bir at\u0131\u015ft\u0131rmal\u0131k alternatifi sunar. Enerji deposu olan bu f\u0131nd\u0131klar; kahvalt\u0131larda, tatl\u0131 ve kek tariflerinde ya da sade haliyle t\u00fcketim i\u00e7in idealdir. Pratik kapakl\u0131 ambalaj\u0131 sayesinde tazeli\u011fini uzun s\u00fcre korur. Y\u00fcksek protein, lif ve E vitamini i\u00e7eri\u011fiyle hem lezzetli hem besleyicidir. Gemilik kalitesiyle \u00fcretilen bu \u00fcr\u00fcn, do\u011fall\u0131\u011f\u0131 ve tazeli\u011fiyle fark yarat\u0131r.<\/p>\n","protected":false},"excerpt":{"rendered":"<p data-start=\"228\" data-end=\"372\">Gemilik Kavrulmu\u015f F\u0131nd\u0131k \u2013 Taze, iri taneli ve do\u011fal aromal\u0131 lezzet. At\u0131\u015ft\u0131rmal\u0131k olarak ya da tatl\u0131 tariflerinde m\u00fckemmel bir tamamlay\u0131c\u0131.<\/p>\n","protected":false},"featured_media":29510,"comment_status":"open","ping_status":"closed","template":"","meta":{"inline_featured_image":false},"product_brand":[],"product_cat":[75],"product_tag":[],"class_list":{"0":"post-29509","1":"product","2":"type-product","3":"status-publish","4":"has-post-thumbnail","6":"product_cat-diger","8":"first","9":"instock","10":"shipping-taxable","11":"purchasable","12":"product-type-simple"},"_links":{"self":[{"href":"https:\/\/gemilik.com\/shop\/wp-json\/wp\/v2\/product\/29509","targetHints":{"allow":["GET"]}}],"collection":[{"href":"https:\/\/gemilik.com\/shop\/wp-json\/wp\/v2\/product"}],"about":[{"href":"https:\/\/gemilik.com\/shop\/wp-json\/wp\/v2\/types\/product"}],"replies":[{"embeddable":true,"href":"https:\/\/gemilik.com\/shop\/wp-json\/wp\/v2\/comments?post=29509"}],"version-history":[{"count":0,"href":"https:\/\/gemilik.com\/shop\/wp-json\/wp\/v2\/product\/29509\/revisions"}],"wp:featuredmedia":[{"embeddable":true,"href":"https:\/\/gemilik.com\/shop\/wp-json\/wp\/v2\/media\/29510"}],"wp:attachment":[{"href":"https:\/\/gemilik.com\/shop\/wp-json\/wp\/v2\/media?parent=29509"}],"wp:term":[{"taxonomy":"product_brand","embeddable":true,"href":"https:\/\/gemilik.com\/shop\/wp-json\/wp\/v2\/product_brand?post=29509"},{"taxonomy":"product_cat","embeddable":true,"href":"https:\/\/gemilik.com\/shop\/wp-json\/wp\/v2\/product_cat?post=29509"},{"taxonomy":"product_tag","embeddable":true,"href":"https:\/\/gemilik.com\/shop\/wp-json\/wp\/v2\/product_tag?post=29509"}],"curies":[{"name":"wp","href":"https:\/\/api.w.org\/{rel}","templated":true}]}}