{"id":29191,"date":"2025-08-17T00:48:58","date_gmt":"2025-08-16T21:48:58","guid":{"rendered":"https:\/\/gemilik.com\/shop\/?post_type=product&#038;p=29191"},"modified":"2025-10-11T00:49:36","modified_gmt":"2025-10-10T21:49:36","slug":"mells-karamel-karamel-dolgulu-cikolata-160-gr","status":"publish","type":"product","link":"https:\/\/gemilik.com\/shop\/urun\/mells-karamel-karamel-dolgulu-cikolata-160-gr\/","title":{"rendered":"Mells Karamel Karamel Dolgulu \u00c7ikolata 160 gr"},"content":{"rendered":"<p>Mells Karamel Karamel Dolgulu \u00c7ikolata, \u00f6zenle se\u00e7ilen kaliteli kakao ve taze s\u00fct kullan\u0131larak \u00fcretilir. \u0130\u00e7indeki yo\u011fun ve ak\u0131\u015fkan karamel dolgusu, her \u0131s\u0131r\u0131kta damakta unutulmaz bir tat b\u0131rak\u0131r. Alt\u0131n detayl\u0131 \u015f\u0131k kutusunda sunulan bu \u00f6zel \u00e7ikolatalar, hem g\u00f6ze hem dama\u011fa hitap eden zarif bir ikramd\u0131r. \u00d6zel g\u00fcnlerde sevdiklerinize hediye edebilir, kahve veya \u00e7ay e\u015fli\u011finde keyifle t\u00fcketebilirsiniz. Lezzeti ve sunumuyla fark yaratan bu \u00e7ikolata, tatl\u0131 anlar\u0131n\u0131za de\u011fer katar.<\/p>\n","protected":false},"excerpt":{"rendered":"<p>Yo\u011fun karamel dolgusu ve kaliteli s\u00fctl\u00fc \u00e7ikolata kaplamas\u0131yla haz\u0131rlanan, \u015f\u0131k kutusunda sunulan enfes bir lezzet deneyimi.<\/p>\n","protected":false},"featured_media":29382,"comment_status":"open","ping_status":"closed","template":"","meta":{"inline_featured_image":false},"product_brand":[],"product_cat":[101],"product_tag":[],"class_list":{"0":"post-29191","1":"product","2":"type-product","3":"status-publish","4":"has-post-thumbnail","6":"product_cat-cikolata","8":"first","9":"instock","10":"shipping-taxable","11":"purchasable","12":"product-type-simple"},"_links":{"self":[{"href":"https:\/\/gemilik.com\/shop\/wp-json\/wp\/v2\/product\/29191","targetHints":{"allow":["GET"]}}],"collection":[{"href":"https:\/\/gemilik.com\/shop\/wp-json\/wp\/v2\/product"}],"about":[{"href":"https:\/\/gemilik.com\/shop\/wp-json\/wp\/v2\/types\/product"}],"replies":[{"embeddable":true,"href":"https:\/\/gemilik.com\/shop\/wp-json\/wp\/v2\/comments?post=29191"}],"version-history":[{"count":0,"href":"https:\/\/gemilik.com\/shop\/wp-json\/wp\/v2\/product\/29191\/revisions"}],"wp:featuredmedia":[{"embeddable":true,"href":"https:\/\/gemilik.com\/shop\/wp-json\/wp\/v2\/media\/29382"}],"wp:attachment":[{"href":"https:\/\/gemilik.com\/shop\/wp-json\/wp\/v2\/media?parent=29191"}],"wp:term":[{"taxonomy":"product_brand","embeddable":true,"href":"https:\/\/gemilik.com\/shop\/wp-json\/wp\/v2\/product_brand?post=29191"},{"taxonomy":"product_cat","embeddable":true,"href":"https:\/\/gemilik.com\/shop\/wp-json\/wp\/v2\/product_cat?post=29191"},{"taxonomy":"product_tag","embeddable":true,"href":"https:\/\/gemilik.com\/shop\/wp-json\/wp\/v2\/product_tag?post=29191"}],"curies":[{"name":"wp","href":"https:\/\/api.w.org\/{rel}","templated":true}]}}