{"id":29188,"date":"2025-08-17T00:47:28","date_gmt":"2025-08-16T21:47:28","guid":{"rendered":"https:\/\/gemilik.com\/shop\/?post_type=product&#038;p=29188"},"modified":"2025-11-05T12:18:29","modified_gmt":"2025-11-05T09:18:29","slug":"gemilik-kestane-sekeri-gold-karisik-paket","status":"publish","type":"product","link":"https:\/\/gemilik.com\/shop\/urun\/gemilik-kestane-sekeri-gold-karisik-paket\/","title":{"rendered":"Gemilik Kestane \u015eekeri Gold Kar\u0131\u015f\u0131k Paket"},"content":{"rendered":"<p>Gemilik Kestane \u015eekeri, \u00f6zenle se\u00e7ilen kaliteli kestanelerin ustal\u0131kla haz\u0131rlanmas\u0131yla elde edilir. Do\u011fal yap\u0131s\u0131 ve katk\u0131s\u0131z i\u00e7eri\u011fiyle, damakta yo\u011fun ve e\u015fsiz bir tat b\u0131rak\u0131r. \u015eekerleme, hem geleneksel hem de modern tat anlay\u0131\u015f\u0131na hitap eden yumu\u015fac\u0131k dokusu ve zengin aromas\u0131yla \u00f6ne \u00e7\u0131kar. \u015e\u0131k gold tasar\u0131m kutusu, \u00fcr\u00fcn\u00fc hem g\u00f6z al\u0131c\u0131 hem de hediye edilmeye uygun hale getirir. \u00d6zel g\u00fcnlerde, misafir ikramlar\u0131nda veya sevdiklerinize tatl\u0131 bir s\u00fcrpriz yapmak i\u00e7in m\u00fckemmel bir se\u00e7imdir.<\/p>\n","protected":false},"excerpt":{"rendered":"<p>\u00d6zel gold tasar\u0131m kutusunda, do\u011fal kestanelerden \u00fcretilmi\u015f, katk\u0131s\u0131z ve yo\u011fun aromal\u0131 kestane \u015fekeri. \u015e\u0131k ve lezzet dolu bir hediye se\u00e7ene\u011fi.<\/p>\n","protected":false},"featured_media":29189,"comment_status":"open","ping_status":"closed","template":"","meta":{"inline_featured_image":false},"product_brand":[],"product_cat":[74],"product_tag":[],"class_list":{"0":"post-29188","1":"product","2":"type-product","3":"status-publish","4":"has-post-thumbnail","6":"product_cat-kestane-sekeri","8":"first","9":"instock","10":"shipping-taxable","11":"purchasable","12":"product-type-simple"},"_links":{"self":[{"href":"https:\/\/gemilik.com\/shop\/wp-json\/wp\/v2\/product\/29188","targetHints":{"allow":["GET"]}}],"collection":[{"href":"https:\/\/gemilik.com\/shop\/wp-json\/wp\/v2\/product"}],"about":[{"href":"https:\/\/gemilik.com\/shop\/wp-json\/wp\/v2\/types\/product"}],"replies":[{"embeddable":true,"href":"https:\/\/gemilik.com\/shop\/wp-json\/wp\/v2\/comments?post=29188"}],"version-history":[{"count":1,"href":"https:\/\/gemilik.com\/shop\/wp-json\/wp\/v2\/product\/29188\/revisions"}],"predecessor-version":[{"id":30174,"href":"https:\/\/gemilik.com\/shop\/wp-json\/wp\/v2\/product\/29188\/revisions\/30174"}],"wp:featuredmedia":[{"embeddable":true,"href":"https:\/\/gemilik.com\/shop\/wp-json\/wp\/v2\/media\/29189"}],"wp:attachment":[{"href":"https:\/\/gemilik.com\/shop\/wp-json\/wp\/v2\/media?parent=29188"}],"wp:term":[{"taxonomy":"product_brand","embeddable":true,"href":"https:\/\/gemilik.com\/shop\/wp-json\/wp\/v2\/product_brand?post=29188"},{"taxonomy":"product_cat","embeddable":true,"href":"https:\/\/gemilik.com\/shop\/wp-json\/wp\/v2\/product_cat?post=29188"},{"taxonomy":"product_tag","embeddable":true,"href":"https:\/\/gemilik.com\/shop\/wp-json\/wp\/v2\/product_tag?post=29188"}],"curies":[{"name":"wp","href":"https:\/\/api.w.org\/{rel}","templated":true}]}}