{"id":29181,"date":"2025-08-17T00:44:02","date_gmt":"2025-08-16T21:44:02","guid":{"rendered":"https:\/\/gemilik.com\/shop\/?post_type=product&#038;p=29181"},"modified":"2025-11-05T12:13:08","modified_gmt":"2025-11-05T09:13:08","slug":"gemilik-karisik-lokum-ahsap-yuvarlak-kutu","status":"publish","type":"product","link":"https:\/\/gemilik.com\/shop\/urun\/gemilik-karisik-lokum-ahsap-yuvarlak-kutu\/","title":{"rendered":"Gemilik Kar\u0131\u015f\u0131k Lokum Ah\u015fap Yuvarlak Kutu"},"content":{"rendered":"<p>Gemilik Kar\u0131\u015f\u0131k Lokum, en se\u00e7kin malzemelerle haz\u0131rlanan farkl\u0131 lezzetleri tek kutuda bir araya getirir. F\u0131st\u0131kl\u0131, f\u0131nd\u0131kl\u0131, \u00e7ikolatal\u0131 ve meyveli \u00e7e\u015fitler, hem g\u00f6ze hem dama\u011fa hitap eden renkli bir \u015f\u00f6len sunar. Lokumlar\u0131n yumu\u015fak dokusu, do\u011fal aromalar\u0131 ve dengeli tat profili her lokmada keyif verir. \u00d6zel tasar\u0131m ah\u015fap yuvarlak kutusu, \u00fcr\u00fcne estetik bir de\u011fer katarak hediye olarak sunmaya veya misafirlerinize \u015f\u0131k bir \u015fekilde ikram etmeye olanak sa\u011flar. Geleneksel T\u00fcrk lokumunu modern ve zarif bir sunumla deneyimlemek isteyenler i\u00e7in ideal bir se\u00e7imdir.<\/p>\n","protected":false},"excerpt":{"rendered":"<p>F\u0131st\u0131kl\u0131, f\u0131nd\u0131kl\u0131, \u00e7ikolatal\u0131 ve meyveli lokum \u00e7e\u015fitlerinin yer ald\u0131\u011f\u0131, \u00f6zel tasar\u0131m ah\u015fap kutuda \u015f\u0131k ve lezzetli bir hediye se\u00e7ene\u011fi.<\/p>\n","protected":false},"featured_media":29182,"comment_status":"open","ping_status":"closed","template":"","meta":{"inline_featured_image":false},"product_brand":[],"product_cat":[73],"product_tag":[],"class_list":{"0":"post-29181","1":"product","2":"type-product","3":"status-publish","4":"has-post-thumbnail","6":"product_cat-lokum","8":"first","9":"instock","10":"shipping-taxable","11":"purchasable","12":"product-type-simple"},"_links":{"self":[{"href":"https:\/\/gemilik.com\/shop\/wp-json\/wp\/v2\/product\/29181","targetHints":{"allow":["GET"]}}],"collection":[{"href":"https:\/\/gemilik.com\/shop\/wp-json\/wp\/v2\/product"}],"about":[{"href":"https:\/\/gemilik.com\/shop\/wp-json\/wp\/v2\/types\/product"}],"replies":[{"embeddable":true,"href":"https:\/\/gemilik.com\/shop\/wp-json\/wp\/v2\/comments?post=29181"}],"version-history":[{"count":1,"href":"https:\/\/gemilik.com\/shop\/wp-json\/wp\/v2\/product\/29181\/revisions"}],"predecessor-version":[{"id":30169,"href":"https:\/\/gemilik.com\/shop\/wp-json\/wp\/v2\/product\/29181\/revisions\/30169"}],"wp:featuredmedia":[{"embeddable":true,"href":"https:\/\/gemilik.com\/shop\/wp-json\/wp\/v2\/media\/29182"}],"wp:attachment":[{"href":"https:\/\/gemilik.com\/shop\/wp-json\/wp\/v2\/media?parent=29181"}],"wp:term":[{"taxonomy":"product_brand","embeddable":true,"href":"https:\/\/gemilik.com\/shop\/wp-json\/wp\/v2\/product_brand?post=29181"},{"taxonomy":"product_cat","embeddable":true,"href":"https:\/\/gemilik.com\/shop\/wp-json\/wp\/v2\/product_cat?post=29181"},{"taxonomy":"product_tag","embeddable":true,"href":"https:\/\/gemilik.com\/shop\/wp-json\/wp\/v2\/product_tag?post=29181"}],"curies":[{"name":"wp","href":"https:\/\/api.w.org\/{rel}","templated":true}]}}