{"id":29163,"date":"2025-08-17T00:32:23","date_gmt":"2025-08-16T21:32:23","guid":{"rendered":"https:\/\/gemilik.com\/shop\/?post_type=product&#038;p=29163"},"modified":"2026-04-18T14:13:45","modified_gmt":"2026-04-18T11:13:45","slug":"findik-parcacikli-cikolata-260-gr","status":"publish","type":"product","link":"https:\/\/gemilik.com\/shop\/urun\/findik-parcacikli-cikolata-260-gr\/","title":{"rendered":"F\u0131nd\u0131k Par\u00e7ac\u0131kl\u0131 \u00c7ikolata 260 gr"},"content":{"rendered":"<p>Gemilik F\u0131nd\u0131kl\u0131 \u00c7ikolata, ince s\u00fctl\u00fc \u00e7ikolata kaplamas\u0131 ve i\u00e7indeki taze, \u00e7\u0131t\u0131r f\u0131nd\u0131k dolgusu ile damaklarda unutulmaz bir tat b\u0131rak\u0131r. \u00d6zenle se\u00e7ilen f\u0131nd\u0131klar, ustal\u0131kla haz\u0131rlanan \u00e7ikolata ile bulu\u015fturularak her lokmada dengeli bir lezzet sunar. Mor kurdeleyle s\u00fcslenmi\u015f \u015feffaf kutusu, hem zarif hem de davetkar bir hediye g\u00f6r\u00fcn\u00fcm\u00fc kazand\u0131r\u0131r. \u00d6zel g\u00fcnlerde, misafir ikramlar\u0131nda veya kendinize k\u00fc\u00e7\u00fck bir mutluluk arma\u011fan etmek istedi\u011finizde tercih edebilece\u011finiz se\u00e7kin bir lezzettir.<\/p>\n","protected":false},"excerpt":{"rendered":"<p>Yo\u011fun s\u00fctl\u00fc \u00e7ikolata ile kaplanm\u0131\u015f, taze f\u0131nd\u0131k dolgulu lezzetler. Mor kurdeleli \u015feffaf kutusuyla \u015f\u0131k bir hediye alternatifi.<\/p>\n","protected":false},"featured_media":29373,"comment_status":"open","ping_status":"closed","template":"","meta":{"inline_featured_image":false},"product_brand":[],"product_cat":[101],"product_tag":[],"class_list":{"0":"post-29163","1":"product","2":"type-product","3":"status-publish","4":"has-post-thumbnail","6":"product_cat-cikolata","8":"first","9":"instock","10":"shipping-taxable","11":"purchasable","12":"product-type-simple"},"_links":{"self":[{"href":"https:\/\/gemilik.com\/shop\/wp-json\/wp\/v2\/product\/29163","targetHints":{"allow":["GET"]}}],"collection":[{"href":"https:\/\/gemilik.com\/shop\/wp-json\/wp\/v2\/product"}],"about":[{"href":"https:\/\/gemilik.com\/shop\/wp-json\/wp\/v2\/types\/product"}],"replies":[{"embeddable":true,"href":"https:\/\/gemilik.com\/shop\/wp-json\/wp\/v2\/comments?post=29163"}],"version-history":[{"count":1,"href":"https:\/\/gemilik.com\/shop\/wp-json\/wp\/v2\/product\/29163\/revisions"}],"predecessor-version":[{"id":30696,"href":"https:\/\/gemilik.com\/shop\/wp-json\/wp\/v2\/product\/29163\/revisions\/30696"}],"wp:featuredmedia":[{"embeddable":true,"href":"https:\/\/gemilik.com\/shop\/wp-json\/wp\/v2\/media\/29373"}],"wp:attachment":[{"href":"https:\/\/gemilik.com\/shop\/wp-json\/wp\/v2\/media?parent=29163"}],"wp:term":[{"taxonomy":"product_brand","embeddable":true,"href":"https:\/\/gemilik.com\/shop\/wp-json\/wp\/v2\/product_brand?post=29163"},{"taxonomy":"product_cat","embeddable":true,"href":"https:\/\/gemilik.com\/shop\/wp-json\/wp\/v2\/product_cat?post=29163"},{"taxonomy":"product_tag","embeddable":true,"href":"https:\/\/gemilik.com\/shop\/wp-json\/wp\/v2\/product_tag?post=29163"}],"curies":[{"name":"wp","href":"https:\/\/api.w.org\/{rel}","templated":true}]}}