{"id":29149,"date":"2025-08-17T00:22:13","date_gmt":"2025-08-16T21:22:13","guid":{"rendered":"https:\/\/gemilik.com\/shop\/?post_type=product&#038;p=29149"},"modified":"2026-01-31T12:38:46","modified_gmt":"2026-01-31T09:38:46","slug":"cikolata-kapli-varakli-kestane-sekeri-200-gr","status":"publish","type":"product","link":"https:\/\/gemilik.com\/shop\/urun\/cikolata-kapli-varakli-kestane-sekeri-200-gr\/","title":{"rendered":"\u00c7ikolata Kapl\u0131 Varakl\u0131 Kestane \u015eekeri 200 gr"},"content":{"rendered":"<p>Gemilik \u00c7ikolatal\u0131 Kestane \u015eekeri \u2013 Premium Seri, Bursa\u2019n\u0131n me\u015fhur kestanelerinin \u00f6zenle i\u015flenip p\u00fcr\u00fczs\u00fcz \u00e7ikolatayla kaplanmas\u0131yla haz\u0131rlan\u0131r. Her lokmada kestanenin do\u011fal aromas\u0131 ve \u00e7ikolatan\u0131n zengin tad\u0131 m\u00fckemmel bir uyum yakalar. \u015e\u0131k alt\u0131n folyo kaplamal\u0131 sunumu ve premium paket tasar\u0131m\u0131yla hem g\u00f6ze hem dama\u011fa hitap eder. \u00d6zel g\u00fcnlerde sevdiklerinize hediye edebilece\u011finiz gibi, kahve ve \u00e7ay yan\u0131nda keyifle t\u00fcketebilirsiniz. Tazeli\u011fini koruyan ambalaj\u0131yla ilk g\u00fcnk\u00fc lezzeti uzun s\u00fcre muhafaza eder.<\/p>\n","protected":false},"excerpt":{"rendered":"<p>Yo\u011fun \u00e7ikolata kaplamas\u0131yla Bursa kestanelerinden \u00fcretilen premium kestane \u015fekeri, l\u00fcks ambalaj\u0131nda \u00f6zel tatlar sunar.<\/p>\n","protected":false},"featured_media":29363,"comment_status":"open","ping_status":"closed","template":"","meta":{"inline_featured_image":false},"product_brand":[],"product_cat":[74],"product_tag":[],"class_list":{"0":"post-29149","1":"product","2":"type-product","3":"status-publish","4":"has-post-thumbnail","6":"product_cat-kestane-sekeri","8":"first","9":"instock","10":"shipping-taxable","11":"purchasable","12":"product-type-simple"},"_links":{"self":[{"href":"https:\/\/gemilik.com\/shop\/wp-json\/wp\/v2\/product\/29149","targetHints":{"allow":["GET"]}}],"collection":[{"href":"https:\/\/gemilik.com\/shop\/wp-json\/wp\/v2\/product"}],"about":[{"href":"https:\/\/gemilik.com\/shop\/wp-json\/wp\/v2\/types\/product"}],"replies":[{"embeddable":true,"href":"https:\/\/gemilik.com\/shop\/wp-json\/wp\/v2\/comments?post=29149"}],"version-history":[{"count":1,"href":"https:\/\/gemilik.com\/shop\/wp-json\/wp\/v2\/product\/29149\/revisions"}],"predecessor-version":[{"id":30326,"href":"https:\/\/gemilik.com\/shop\/wp-json\/wp\/v2\/product\/29149\/revisions\/30326"}],"wp:featuredmedia":[{"embeddable":true,"href":"https:\/\/gemilik.com\/shop\/wp-json\/wp\/v2\/media\/29363"}],"wp:attachment":[{"href":"https:\/\/gemilik.com\/shop\/wp-json\/wp\/v2\/media?parent=29149"}],"wp:term":[{"taxonomy":"product_brand","embeddable":true,"href":"https:\/\/gemilik.com\/shop\/wp-json\/wp\/v2\/product_brand?post=29149"},{"taxonomy":"product_cat","embeddable":true,"href":"https:\/\/gemilik.com\/shop\/wp-json\/wp\/v2\/product_cat?post=29149"},{"taxonomy":"product_tag","embeddable":true,"href":"https:\/\/gemilik.com\/shop\/wp-json\/wp\/v2\/product_tag?post=29149"}],"curies":[{"name":"wp","href":"https:\/\/api.w.org\/{rel}","templated":true}]}}