{"id":29136,"date":"2025-08-17T00:15:57","date_gmt":"2025-08-16T21:15:57","guid":{"rendered":"https:\/\/gemilik.com\/shop\/?post_type=product&#038;p=29136"},"modified":"2025-11-05T12:09:31","modified_gmt":"2025-11-05T09:09:31","slug":"gemilik-antep-fistikli-katmer-lokum","status":"publish","type":"product","link":"https:\/\/gemilik.com\/shop\/urun\/gemilik-antep-fistikli-katmer-lokum\/","title":{"rendered":"Gemilik Antep F\u0131st\u0131kl\u0131 Katmer Lokum"},"content":{"rendered":"<p>Bol Antep f\u0131st\u0131\u011f\u0131 kaplamas\u0131yla \u00f6ne \u00e7\u0131kan <strong data-start=\"348\" data-end=\"387\">Gemilik Antep F\u0131st\u0131kl\u0131 Katmer Lokum<\/strong>, f\u0131st\u0131\u011f\u0131n yo\u011fun aromas\u0131 ve taptaze dokusuyla lokuma bamba\u015fka bir lezzet katar. \u00d6zenle se\u00e7ilen f\u0131st\u0131klar, ince katmanlar halinde lokumu sararak her lokmada yo\u011fun f\u0131st\u0131k tad\u0131 sunar. Katk\u0131s\u0131z ve do\u011fal malzemelerle \u00fcretilen bu lokum, \u00f6zel g\u00fcnlerde ikraml\u0131k, kahve yan\u0131 tatl\u0131s\u0131 ya da sevdiklerinize hediye i\u00e7in m\u00fckemmel bir tercihtir. \u015e\u0131k k\u0131rm\u0131z\u0131 kutusu ile hem g\u00f6ze hem dama\u011fa hitap eder.<\/p>\n","protected":false},"excerpt":{"rendered":"<p>Yo\u011fun Antep f\u0131st\u0131\u011f\u0131 kaplamas\u0131yla haz\u0131rlanan Gemilik Katmer Lokum. Geleneksel lezzet, \u00f6zel sunum.<\/p>\n","protected":false},"featured_media":29138,"comment_status":"open","ping_status":"closed","template":"","meta":{"inline_featured_image":false},"product_brand":[],"product_cat":[73],"product_tag":[],"class_list":{"0":"post-29136","1":"product","2":"type-product","3":"status-publish","4":"has-post-thumbnail","6":"product_cat-lokum","8":"first","9":"instock","10":"shipping-taxable","11":"purchasable","12":"product-type-simple"},"_links":{"self":[{"href":"https:\/\/gemilik.com\/shop\/wp-json\/wp\/v2\/product\/29136","targetHints":{"allow":["GET"]}}],"collection":[{"href":"https:\/\/gemilik.com\/shop\/wp-json\/wp\/v2\/product"}],"about":[{"href":"https:\/\/gemilik.com\/shop\/wp-json\/wp\/v2\/types\/product"}],"replies":[{"embeddable":true,"href":"https:\/\/gemilik.com\/shop\/wp-json\/wp\/v2\/comments?post=29136"}],"version-history":[{"count":1,"href":"https:\/\/gemilik.com\/shop\/wp-json\/wp\/v2\/product\/29136\/revisions"}],"predecessor-version":[{"id":30164,"href":"https:\/\/gemilik.com\/shop\/wp-json\/wp\/v2\/product\/29136\/revisions\/30164"}],"wp:featuredmedia":[{"embeddable":true,"href":"https:\/\/gemilik.com\/shop\/wp-json\/wp\/v2\/media\/29138"}],"wp:attachment":[{"href":"https:\/\/gemilik.com\/shop\/wp-json\/wp\/v2\/media?parent=29136"}],"wp:term":[{"taxonomy":"product_brand","embeddable":true,"href":"https:\/\/gemilik.com\/shop\/wp-json\/wp\/v2\/product_brand?post=29136"},{"taxonomy":"product_cat","embeddable":true,"href":"https:\/\/gemilik.com\/shop\/wp-json\/wp\/v2\/product_cat?post=29136"},{"taxonomy":"product_tag","embeddable":true,"href":"https:\/\/gemilik.com\/shop\/wp-json\/wp\/v2\/product_tag?post=29136"}],"curies":[{"name":"wp","href":"https:\/\/api.w.org\/{rel}","templated":true}]}}